{"id":510,"date":"2025-03-12T10:39:08","date_gmt":"2025-03-12T09:39:08","guid":{"rendered":"https:\/\/subsembly.com\/shop\/?post_type=product&#038;p=510"},"modified":"2025-08-20T09:33:03","modified_gmt":"2025-08-20T07:33:03","slug":"fints-connect-registrierungstoken-jahreslizenz","status":"publish","type":"product","link":"https:\/\/subsembly.com\/shop\/produkt\/fints-connect-registrierungstoken-jahreslizenz\/","title":{"rendered":"FINTS\/Connect Registrierungstoken &#8211; Jahreslizenz"},"content":{"rendered":"<h2>FINTS\/Connect Registrierungstoken &#8211; Jahreslizenz<\/h2>\n<p data-start=\"185\" data-end=\"354\"><span class=\"relative -mx-px my-[-0.2rem] rounded px-px py-[0.2rem]\">Der Registrierungstoken erm\u00f6glicht eine 12-monatige Nutzung von FINTS\/Connect.<\/span> <span class=\"relative -mx-px my-[-0.2rem] rounded px-px py-[0.2rem]\">Mit diesem Token k\u00f6nnen Sie Ihre Finanzanwendung erweitern, um automatisiert Umsatzdaten von Bankkonten, Kreditkarten und PayPal-Accounts abzurufen, selbst wenn diese zuvor nicht angebunden werden konnten.<\/span> <span class=\"relative -mx-px my-[-0.2rem] rounded px-px py-[0.2rem]\">Eine Anpassung Ihrer bestehenden Software ist hierf\u00fcr nicht erforderlich.<\/span><\/p>\n<ul data-start=\"370\" data-end=\"696\">\n<li data-start=\"370\" data-end=\"473\"><strong data-start=\"372\" data-end=\"397\">Nahtlose Integration:<\/strong> <span class=\"relative -mx-px my-[-0.2rem] rounded px-px py-[0.2rem]\">FINTS\/Connect stellt eine standardisierte FinTS-Schnittstelle bereit, die ohne zus\u00e4tzliche Software direkt in Ihre FinTS-\/Online-Banking-f\u00e4hige Anwendung eingebunden werden kann.<\/span><\/li>\n<li data-start=\"474\" data-end=\"580\"><strong data-start=\"476\" data-end=\"500\">Erweiterter Zugriff:<\/strong> <span class=\"relative -mx-px my-[-0.2rem] rounded px-px py-[0.2rem]\">Durch die Nutzung der PSD2-konformen XS2A-Schnittstellen k\u00f6nnen Sie auch auf Finanzdaten zugreifen, die bisher nicht verf\u00fcgbar waren.<\/span><\/li>\n<li data-start=\"581\" data-end=\"696\"><strong data-start=\"583\" data-end=\"616\">Reduzierte Authentifizierung:<\/strong> <span class=\"relative -mx-px my-[-0.2rem] rounded px-px py-[0.2rem]\">Bei Verwendung von FINTS\/Connect ist in der Regel nur alle 180 Tage eine Zwei-Faktor-Authentifizierung (TAN-Eingabe) erforderlich, was den Zugriff auf Bankkonten erleichtert.<\/span><\/li>\n<\/ul>\n<p data-start=\"698\" data-end=\"737\"><strong data-start=\"698\" data-end=\"737\">Auszug &#8211; Unterst\u00fctzte Institute und Dienste:<\/strong><\/p>\n<ul>\n<li>Amazon Visa zinia<\/li>\n<li>Amex &#8211; American Express<\/li>\n<li>Banking Circle (Vivid)<\/li>\n<li>BfW &#8211; Bank f\u00fcr Wohnungswirtschaft<\/li>\n<li>BMW Bank<\/li>\n<li>C24 Bank Frankfurt am Main<\/li>\n<li>Commerzbank<\/li>\n<li>DKB<\/li>\n<li>Finom (via Solarisbank)<\/li>\n<li>FNZ Bank<\/li>\n<li>Kontist<\/li>\n<li>N26 Bank Berlin<\/li>\n<li>PayPal<\/li>\n<li>Qonto<\/li>\n<li>Revolut<\/li>\n<li>Santander Consumer Bank<\/li>\n<li>Tomorrow\u200b (via Solarisbank)<\/li>\n<li>Zahlreiche \u00f6sterreichische Banken<\/li>\n<\/ul>\n<p data-start=\"1795\" data-end=\"1874\"><span class=\"relative -mx-px my-[-0.2rem] rounded px-px py-[0.2rem]\">Eine vollst\u00e4ndige Liste der unterst\u00fctzten Kreditinstitute und Zahlungsdienstleister sowie weitere Hinweise zur Verwendung finden Sie auf unserer Website <a href=\"https:\/\/fintsconnect.com\/\">https:\/\/fintsconnect.com\/<\/a>.<\/span><\/p>\n<p data-start=\"1876\" data-end=\"1984\"><strong data-start=\"1876\" data-end=\"1898\">Wichtiger Hinweis:<\/strong> <span class=\"relative -mx-px my-[-0.2rem] rounded px-px py-[0.2rem]\">Die Lizenz ist f\u00fcr ein Jahr g\u00fcltig und verl\u00e4ngert sich automatisch, sofern sie nicht rechtzeitig gek\u00fcndigt wird.<\/span><\/p>\n","protected":false},"excerpt":{"rendered":"<p>Registrierungstoken f\u00fcr ein 12-monatige Nutzung von FINTS\/Connect.<\/p>\n","protected":false},"featured_media":1512,"template":"","meta":[],"product_brand":[],"product_cat":[37],"product_tag":[],"class_list":{"0":"post-510","1":"product","2":"type-product","3":"status-publish","4":"has-post-thumbnail","6":"product_cat-software","8":"first","9":"instock","10":"downloadable","11":"virtual","12":"taxable","13":"purchasable","14":"product-type-subscription"},"_links":{"self":[{"href":"https:\/\/subsembly.com\/shop\/wp-json\/wp\/v2\/product\/510","targetHints":{"allow":["GET"]}}],"collection":[{"href":"https:\/\/subsembly.com\/shop\/wp-json\/wp\/v2\/product"}],"about":[{"href":"https:\/\/subsembly.com\/shop\/wp-json\/wp\/v2\/types\/product"}],"wp:featuredmedia":[{"embeddable":true,"href":"https:\/\/subsembly.com\/shop\/wp-json\/wp\/v2\/media\/1512"}],"wp:attachment":[{"href":"https:\/\/subsembly.com\/shop\/wp-json\/wp\/v2\/media?parent=510"}],"wp:term":[{"taxonomy":"product_brand","embeddable":true,"href":"https:\/\/subsembly.com\/shop\/wp-json\/wp\/v2\/product_brand?post=510"},{"taxonomy":"product_cat","embeddable":true,"href":"https:\/\/subsembly.com\/shop\/wp-json\/wp\/v2\/product_cat?post=510"},{"taxonomy":"product_tag","embeddable":true,"href":"https:\/\/subsembly.com\/shop\/wp-json\/wp\/v2\/product_tag?post=510"}],"curies":[{"name":"wp","href":"https:\/\/api.w.org\/{rel}","templated":true}]}}