{"id":1498,"date":"2025-09-09T09:09:06","date_gmt":"2025-09-09T07:09:06","guid":{"rendered":"https:\/\/subsembly.com\/shop\/?post_type=product&#038;p=1498"},"modified":"2026-04-13T16:02:46","modified_gmt":"2026-04-13T14:02:46","slug":"banking4-business-firmenlizenz","status":"publish","type":"product","link":"https:\/\/subsembly.com\/shop\/produkt\/banking4-business-firmenlizenz\/","title":{"rendered":"Banking4 Business &#8211; Firmenlizenz"},"content":{"rendered":"<h2>Banking4 Business &#8211; Firmenlizenz f\u00fcr Desktop Computer<\/h2>\n<ul>\n<li>Lizenzschl\u00fcssel f\u00fcr Banking4 Business Freischaltung f\u00fcr Desktop Computer (macOS und Windows).<\/li>\n<li>Der ausgestellte Lizenzschl\u00fcssel funktioniert sowohl mit station\u00e4ren Installationen als auch mit portablen Installationen auf USB-Sticks (nur unter Windows).<\/li>\n<li>Der Lizenzschl\u00fcssel wird auf den Namen einer Firma ausgestellt und kann von beliebig vielen Mitarbeitern der Firma (eines Standortes)  verwendet werden.<\/li>\n<li>Die Lizenz gilt unbeschr\u00e4nkt innerhalb des Abonnement-Zeitraums von Banking4 Business.<\/li>\n<li>Alle Updates zu Banking4 Business erhalten Sie kostenlos.<\/li>\n<\/ul>\n<p>Du kannst den Lizenzschl\u00fcssel aus der Bestellbest\u00e4tigung sofort nutzen. Bitte trage den Lizenzschl\u00fcssel in Banking4 beim Men\u00fcpunkt <b>Banking4 &gt; Lizenzierung<\/b> ein. Klicke auf die Schaltfl\u00e4che <b>[Bestellung bezahlen]<\/b>, um den Gesamtbetrag bequem direkt aus Banking4 zu bezahlen. Sobald die Zahlung bei uns eingegangen und verbucht ist, erh\u00e4ltst du automatisch per Mail die Rechnung zum Kauf (dies kann unter Umst\u00e4nden ein paar Tage dauern).<\/p>\n","protected":false},"excerpt":{"rendered":"<p>Lizenz f\u00fcr Windows und macOS.<\/p>\n","protected":false},"featured_media":1492,"template":"","meta":[],"product_brand":[],"product_cat":[41,43],"product_tag":[],"class_list":{"0":"post-1498","1":"product","2":"type-product","3":"status-publish","4":"has-post-thumbnail","6":"product_cat-banking4","7":"product_cat-banking4-business","9":"first","10":"instock","11":"downloadable","12":"virtual","13":"taxable","14":"purchasable","15":"product-type-subscription"},"_links":{"self":[{"href":"https:\/\/subsembly.com\/shop\/wp-json\/wp\/v2\/product\/1498","targetHints":{"allow":["GET"]}}],"collection":[{"href":"https:\/\/subsembly.com\/shop\/wp-json\/wp\/v2\/product"}],"about":[{"href":"https:\/\/subsembly.com\/shop\/wp-json\/wp\/v2\/types\/product"}],"wp:featuredmedia":[{"embeddable":true,"href":"https:\/\/subsembly.com\/shop\/wp-json\/wp\/v2\/media\/1492"}],"wp:attachment":[{"href":"https:\/\/subsembly.com\/shop\/wp-json\/wp\/v2\/media?parent=1498"}],"wp:term":[{"taxonomy":"product_brand","embeddable":true,"href":"https:\/\/subsembly.com\/shop\/wp-json\/wp\/v2\/product_brand?post=1498"},{"taxonomy":"product_cat","embeddable":true,"href":"https:\/\/subsembly.com\/shop\/wp-json\/wp\/v2\/product_cat?post=1498"},{"taxonomy":"product_tag","embeddable":true,"href":"https:\/\/subsembly.com\/shop\/wp-json\/wp\/v2\/product_tag?post=1498"}],"curies":[{"name":"wp","href":"https:\/\/api.w.org\/{rel}","templated":true}]}}