{"id":1495,"date":"2025-09-09T09:09:58","date_gmt":"2025-09-09T07:09:58","guid":{"rendered":"https:\/\/subsembly.com\/shop\/?post_type=product&#038;p=1495"},"modified":"2026-04-13T16:01:14","modified_gmt":"2026-04-13T14:01:14","slug":"banking4-professional","status":"publish","type":"product","link":"https:\/\/subsembly.com\/shop\/produkt\/banking4-professional\/","title":{"rendered":"Banking4 Professional"},"content":{"rendered":"<h2>Banking4 Professional &#8211; Einzellizenz f\u00fcr Desktop Computer<\/h2>\n<ul>\n<li>Lizenzschl\u00fcssel f\u00fcr Banking4 Professional Freischaltung f\u00fcr Desktop Computer (macOS und Windows).<\/li>\n<li>Der ausgestellte Lizenzschl\u00fcssel funktioniert sowohl mit station\u00e4ren Installationen als auch mit portablen Installationen auf USB-Sticks (nur unter Windows).<\/li>\n<li>Der Lizenzschl\u00fcssel wird auf den Namen eines einzelnen Lizenznehmers ausgestellt und kann auf beliebig vielen eigenen Windows-PC oder macOS-Ger\u00e4ten des Lizenznehmers verwendet werden.<\/li>\n<li>Die Lizenz gilt unbeschr\u00e4nkt innerhalb des Abonnement-Zeitraums von Banking4 Professional .<\/li>\n<li>Alle Updates zu Banking4 Professional erhalten Sie innerhalb dieser Hauptversion kostenlos.<\/li>\n<\/ul>\n<p>Du kannst den Lizenzschl\u00fcssel aus der Bestellbest\u00e4tigung sofort nutzen. Bitte trage den Lizenzschl\u00fcssel in Banking4 beim Men\u00fcpunkt <b>Banking4 &gt; Lizenzierung<\/b> ein. Klicke auf die Schaltfl\u00e4che <b>[Bestellung bezahlen]<\/b>, um den Gesamtbetrag bequem direkt aus Banking4 zu bezahlen. Sobald die Zahlung bei uns eingegangen und verbucht ist, erh\u00e4ltst du automatisch per Mail die Rechnung zum Kauf (dies kann unter Umst\u00e4nden ein paar Tage dauern).<\/p>\n","protected":false},"excerpt":{"rendered":"<p>Lizenz f\u00fcr Windows und macOS.<\/p>\n","protected":false},"featured_media":1493,"template":"","meta":[],"product_brand":[],"product_cat":[41],"product_tag":[],"class_list":{"0":"post-1495","1":"product","2":"type-product","3":"status-publish","4":"has-post-thumbnail","6":"product_cat-banking4","8":"first","9":"instock","10":"downloadable","11":"virtual","12":"taxable","13":"purchasable","14":"product-type-subscription"},"_links":{"self":[{"href":"https:\/\/subsembly.com\/shop\/wp-json\/wp\/v2\/product\/1495","targetHints":{"allow":["GET"]}}],"collection":[{"href":"https:\/\/subsembly.com\/shop\/wp-json\/wp\/v2\/product"}],"about":[{"href":"https:\/\/subsembly.com\/shop\/wp-json\/wp\/v2\/types\/product"}],"wp:featuredmedia":[{"embeddable":true,"href":"https:\/\/subsembly.com\/shop\/wp-json\/wp\/v2\/media\/1493"}],"wp:attachment":[{"href":"https:\/\/subsembly.com\/shop\/wp-json\/wp\/v2\/media?parent=1495"}],"wp:term":[{"taxonomy":"product_brand","embeddable":true,"href":"https:\/\/subsembly.com\/shop\/wp-json\/wp\/v2\/product_brand?post=1495"},{"taxonomy":"product_cat","embeddable":true,"href":"https:\/\/subsembly.com\/shop\/wp-json\/wp\/v2\/product_cat?post=1495"},{"taxonomy":"product_tag","embeddable":true,"href":"https:\/\/subsembly.com\/shop\/wp-json\/wp\/v2\/product_tag?post=1495"}],"curies":[{"name":"wp","href":"https:\/\/api.w.org\/{rel}","templated":true}]}}