{"id":100,"date":"2025-01-27T17:53:54","date_gmt":"2025-01-27T16:53:54","guid":{"rendered":"https:\/\/subsembly.com\/shop\/impressum\/"},"modified":"2025-02-05T14:01:20","modified_gmt":"2025-02-05T13:01:20","slug":"impressum","status":"publish","type":"page","link":"https:\/\/subsembly.com\/shop\/impressum\/","title":{"rendered":"Impressum"},"content":{"rendered":"\n<p>Subsembly wurde 2003 von Andreas Selle in M\u00fcnchen gegr\u00fcndet. Das Leistungsangebot von Subsembly umfasst neben unterschiedlichen Banking APIs\/SDKs\/Tools die Online-Banking-L\u00f6sung Banking4, verf\u00fcgbar f\u00fcr Windows, macOS, Android, iPhone und iPad. Der Gr\u00fcnder, Andreas Selle, blickt auf \u00fcber 20 Jahre Erfahrung in der Entwicklung von Banking-Software zur\u00fcck. Zu den Kunden der Subsembly GmbH z\u00e4hlen u.a. Banken, Rechenzentren, Fintechs, Hersteller von betriebswirtschaftlicher Software sowie eine Vielzahl von Unternehmen und Privatkunden.<\/p>\n\n\n\n<figure class=\"wp-block-table\"><table class=\"has-fixed-layout\"><tbody><tr><td>Adresse:<\/td><td>Subsembly&nbsp;GmbH<br>Hofmannstra\u00dfe&nbsp;7&nbsp;b<br>81379&nbsp;M\u00fcnchen<\/td><\/tr><tr><td>E-Mail:<\/td><td><a href=\"mailto:info@subsembly.com\">info@subsembly.com<\/a><\/td><\/tr><tr><td>Gesch\u00e4ftsf\u00fchrer:<\/td><td>Andreas Selle, Klaus Igel<\/td><\/tr><tr><td>Handelsregister:<\/td><td>Amtsgericht M\u00fcnchen<br>HRB 154132<\/td><\/tr><tr><td>USt-Id. Nr.:<\/td><td>DE238391623<\/td><\/tr><\/tbody><\/table><\/figure>\n\n\n\n<h2 class=\"wp-block-heading\" id=\"Banking4\">Datenschutzerkl\u00e4rung<\/h2>\n\n\n\n<p>Die Subsembly GmbH nimmt den Schutz ihrer pers\u00f6nlichen Daten sehr ernst und h\u00e4lt sich strikt an die Regeln der Datenschutzgesetze.<\/p>\n\n\n\n<p><a href=\"https:\/\/subsembly.com\/datenschutz.html\">Ausf\u00fchrliche Datenschutzerkl\u00e4rung<\/a><\/p>\n\n\n\n<h2 class=\"wp-block-heading\">Haftungshinweis<\/h2>\n\n\n\n<p>Trotz sorgf\u00e4ltiger inhaltlicher Kontrolle \u00fcbernehmen wir keine Haftung f\u00fcr die Inhalte externer Links. F\u00fcr den Inhalt der verlinkten Seiten sind ausschlie\u00dflich deren Betreiber verantwortlich.<\/p>\n\n\n\n<h2 class=\"wp-block-heading\">Marken<\/h2>\n\n\n\n<p>Subsembly\u00ae ist eine eingetragene Marke von Andreas Selle.<\/p>\n\n\n\n<p>Microsoft, Windows, das Windows Logo, .NET, und andere Namen von Microsoft-Produkten, auf die hier Bezug genommen wird, sind Marken oder eingetragene Marken von Microsoft in den Vereinigten Staaten und\/oder anderen L\u00e4ndern.<\/p>\n\n\n\n<p>Apple Logo, iPod, iPhone, iTunes und Mac sind eingetragene Warenzeichen von Apple Computer Inc.<\/p>\n\n\n\n<p>Android ist ein Warenzeichen von Google Inc.<\/p>\n\n\n\n<p>Use of the SEPA mark is under licence from the European Payments Council.<\/p>\n\n\n\n<p>Andere genannte Produkt- und Firmennamen k\u00f6nnen auch ohne ausdr\u00fccklichen Hinweis gesch\u00fctzt sein. Alle hier erw\u00e4hnten Produkt- und Firmennamen sind Marken der jeweiligen Eigent\u00fcmer.<\/p>\n\n\n\n<h2 class=\"wp-block-heading\">Copyright<\/h2>\n\n\n\n<p>Der gesammte Web-Auftritt ist Copyright \u00a9 2004-2025 Subsembly GmbH. Alle hier nicht ausdr\u00fccklich einger\u00e4umten Rechte bleiben vorbehalten.<\/p>\n","protected":false},"excerpt":{"rendered":"<p>Subsembly wurde 2003 von Andreas Selle in M\u00fcnchen gegr\u00fcndet. Das Leistungsangebot von Subsembly umfasst neben unterschiedlichen Banking APIs\/SDKs\/Tools die Online-Banking-L\u00f6sung Banking4, verf\u00fcgbar f\u00fcr Windows, macOS, Android, iPhone und iPad. Der Gr\u00fcnder, Andreas Selle, blickt auf \u00fcber 20 Jahre Erfahrung in der Entwicklung von Banking-Software zur\u00fcck. Zu den Kunden der Subsembly GmbH z\u00e4hlen u.a. Banken, Rechenzentren, [&hellip;]<\/p>\n","protected":false},"author":1,"featured_media":0,"parent":0,"menu_order":0,"comment_status":"closed","ping_status":"closed","template":"","meta":{"footnotes":""},"class_list":["post-100","page","type-page","status-publish","hentry"],"_links":{"self":[{"href":"https:\/\/subsembly.com\/shop\/wp-json\/wp\/v2\/pages\/100","targetHints":{"allow":["GET"]}}],"collection":[{"href":"https:\/\/subsembly.com\/shop\/wp-json\/wp\/v2\/pages"}],"about":[{"href":"https:\/\/subsembly.com\/shop\/wp-json\/wp\/v2\/types\/page"}],"author":[{"embeddable":true,"href":"https:\/\/subsembly.com\/shop\/wp-json\/wp\/v2\/users\/1"}],"replies":[{"embeddable":true,"href":"https:\/\/subsembly.com\/shop\/wp-json\/wp\/v2\/comments?post=100"}],"version-history":[{"count":3,"href":"https:\/\/subsembly.com\/shop\/wp-json\/wp\/v2\/pages\/100\/revisions"}],"predecessor-version":[{"id":323,"href":"https:\/\/subsembly.com\/shop\/wp-json\/wp\/v2\/pages\/100\/revisions\/323"}],"wp:attachment":[{"href":"https:\/\/subsembly.com\/shop\/wp-json\/wp\/v2\/media?parent=100"}],"curies":[{"name":"wp","href":"https:\/\/api.w.org\/{rel}","templated":true}]}}